{"id":841,"date":"2022-04-11T17:12:34","date_gmt":"2022-04-11T17:12:34","guid":{"rendered":"https:\/\/orange3mp.com\/descanzzza\/?post_type=product&#038;p=841"},"modified":"2022-04-11T18:32:23","modified_gmt":"2022-04-11T18:32:23","slug":"1-caja-descanzzza-4-piezas","status":"publish","type":"product","link":"https:\/\/orange3mp.com\/descanzzza\/producto\/1-caja-descanzzza-4-piezas\/","title":{"rendered":"1 caja \u2013 DescanzZza ( 4 Piezas)"},"content":{"rendered":"<p>El ronquido te hace dormir mal lo que interfiere en tu desempe\u00f1o diario. A pesar de que la mayor\u00eda de las personas no se dan cuenta, el ronquido puede impedirte de tener una buena noche de sue\u00f1o, ocasionando s\u00edntomas c\u00f3mo el cansancio, irritaci\u00f3n, raciocinio lento y p\u00e9rdida de los reflejos a lo largo del d\u00eda<\/p>\n<p><strong>DescanzZza<\/strong> ayuda a disminuir los ronquidos porque fue dise\u00f1ado para expandir las fosas nasales para un flujo de aire m\u00e1ximo que mejora la respiraci\u00f3n, disminuye los ronquidos y consecuentemente mejora tus noches de sue\u00f1o.<\/p>\n","protected":false},"excerpt":{"rendered":"<div class=\"elementor-element elementor-element-2042522 elementor-widget elementor-widget-text-editor\" data-id=\"2042522\" data-element_type=\"widget\" data-widget_type=\"text-editor.default\">\n<div class=\"elementor-widget-container\">\n<p><strong>DescanzZza<\/strong> ayuda a disminuir los ronquidos porque fue dise\u00f1ado para expandir las fosas nasales para un flujo de aire m\u00e1ximo que mejora la respiraci\u00f3n, disminuye los ronquidos y consecuentemente mejora tus noches de sue\u00f1o.<\/p>\n<\/div>\n<\/div>\n","protected":false},"featured_media":842,"comment_status":"open","ping_status":"closed","template":"","meta":[],"product_cat":[41],"product_tag":[],"class_list":["post-841","product","type-product","status-publish","has-post-thumbnail","hentry","product_cat-descanzzza"],"_links":{"self":[{"href":"https:\/\/orange3mp.com\/descanzzza\/wp-json\/wp\/v2\/product\/841","targetHints":{"allow":["GET"]}}],"collection":[{"href":"https:\/\/orange3mp.com\/descanzzza\/wp-json\/wp\/v2\/product"}],"about":[{"href":"https:\/\/orange3mp.com\/descanzzza\/wp-json\/wp\/v2\/types\/product"}],"replies":[{"embeddable":true,"href":"https:\/\/orange3mp.com\/descanzzza\/wp-json\/wp\/v2\/comments?post=841"}],"wp:featuredmedia":[{"embeddable":true,"href":"https:\/\/orange3mp.com\/descanzzza\/wp-json\/wp\/v2\/media\/842"}],"wp:attachment":[{"href":"https:\/\/orange3mp.com\/descanzzza\/wp-json\/wp\/v2\/media?parent=841"}],"wp:term":[{"taxonomy":"product_cat","embeddable":true,"href":"https:\/\/orange3mp.com\/descanzzza\/wp-json\/wp\/v2\/product_cat?post=841"},{"taxonomy":"product_tag","embeddable":true,"href":"https:\/\/orange3mp.com\/descanzzza\/wp-json\/wp\/v2\/product_tag?post=841"}],"curies":[{"name":"wp","href":"https:\/\/api.w.org\/{rel}","templated":true}]}}